{"id":2150,"date":"2023-04-06T17:41:34","date_gmt":"2023-04-06T10:41:34","guid":{"rendered":"https:\/\/daklakan.com\/san-pham\/tra-mang-cau-daklakan\/"},"modified":"2026-02-08T23:05:11","modified_gmt":"2026-02-08T16:05:11","slug":"organic-soursop-tea-daklakan","status":"publish","type":"product","link":"https:\/\/daklakan.com\/en\/san-pham\/organic-soursop-tea-daklakan\/","title":{"rendered":"Organic soursop tea Daklakan"},"content":{"rendered":"<p>Organic <strong><a href=\"https:\/\/daklakan.com\/en\/san-pham\/organic-soursop-tea-daklakan\/\">soursop tea<\/a><\/strong> from Daklakan is produced through a closed drying process, made from 100% organic ingredients without any impurities. It is a type of tea that is harvested and carefully selected from the flesh of the soursop fruit, which is one of the specialties of the Central Highlands region of Vietnam.<\/p>\n<h1><strong><span style=\"color: #00a859;\">Organic Soursop Tea from Daklakan:<\/span><\/strong><\/h1>\n<ol>\n<li><strong>Ingredients:<\/strong> 100% soursop fruit flesh.<\/li>\n<li><strong>Directions for use:<\/strong> Add 3-5 grams of tea to about 300ml of boiling water and wait for about 5 minutes before use. You can add honey or sugar to enhance the sweetness.<\/li>\n<li><strong>Benefits:<\/strong><\/li>\n<\/ol>\n<ul>\n<li>Boosts the immune system<\/li>\n<li>Reduces inflammation and supports digestion<\/li>\n<li>Helps to relax and reduce stress<\/li>\n<li>Promotes good sleep<\/li>\n<\/ul>\n<ol start=\"4\">\n<li><strong>Weight:<\/strong> 350 grams<\/li>\n<li><strong>Storage instructions:<\/strong> Store in a dry, cool place and avoid direct sunlight. Close tightly after use.<\/li>\n<li><strong>Allergen information:<\/strong> This product does not contain any allergens.<\/li>\n<li><strong>Manufactured and distributed by:<\/strong> Daklakan Agricultural Import-Export Trading Co., Ltd. Address: 22\/4 Ngo Gia Tu, Ward 10, Ea Drang Town, Ea H&#8217;leo District, Dak Lak Province. Tax code: 6001743263<\/li>\n<li><strong>Hotline:<\/strong> 0888047111 &#8211; 0868151413 Email: <a href=\"mailto:daklakan.com@gmail.com\" target=\"_new\" rel=\"noopener\">daklakan.com@gmail.com<\/a><\/li>\n<li><strong>Note:<\/strong> Organic soursop tea is a natural product, so there may be slight differences in color and size.<\/li>\n<li><strong>Proper tea storage methods:<\/strong><\/li>\n<\/ol>\n<p>To preserve the flavor and quality of the soursop tea, Daklakan recommends the following storage methods:<\/p>\n<ul>\n<li>Keep the tea in an airtight container or a ziplock bag to keep it dry and avoid exposure to the external environment.<\/li>\n<li>Avoid direct exposure to light.<\/li>\n<li>Avoid exposure to strong odors.<\/li>\n<li>Use the tea within a short period of time to ensure the best quality. The tea is best used within 6 months from the date of opening the bag.<\/li>\n<\/ul>\n<dl id=\"attachment_2143\">\n<dt><img loading=\"lazy\" src=\"https:\/\/daklakan.com\/wp-content\/uploads\/2023\/04\/tra-mang-cau-533x400.jpg\" alt=\"tr\u00e0 m\u00e3ng c\u1ea7u\" width=\"533\" height=\"400\" \/><\/dt>\n<\/dl>\n<div>\n<div>\n<div>\n<p>&nbsp;<\/p>\n<div>\n<dl id=\"attachment_2147\">\n<dt>\n<figure style=\"width: 533px\" class=\"wp-caption alignnone\"><img loading=\"lazy\" title=\"soursop tea\" src=\"https:\/\/daklakan.com\/wp-content\/uploads\/2023\/04\/tra-533x400.jpg\" alt=\"soursop tea\" width=\"533\" height=\"400\" \/><figcaption class=\"wp-caption-text\">Organic soursop tea Daklak by Daklakan<\/figcaption><\/figure><\/dt>\n<\/dl>\n<\/div>\n<div>\n<div>\n<div><\/div>\n<\/div>\n<\/div>\n<\/div>\n<\/div>\n<\/div>\n<div><\/div>\n<p><em>Read more <a href=\"https:\/\/santorino.org\/hat-macca-dak-lak-cao-cap-premium-macadamias-daklak-500gram\/\">h\u1ea1t macca<\/a><\/em><\/p>\n<p style=\"text-align: right;\"><strong>Source: Daklakan<\/strong><\/p>\n","protected":false},"excerpt":{"rendered":"<p><strong><span style=\"color: #00a859;\">Tr\u00e0 m\u00e3ng c\u1ea7u h\u1eefu c\u01a1 Daklakan<\/span><\/strong><\/p>\n<p><strong>Quy c\u00e1ch \u0111\u00f3ng g\u00f3i:<\/strong> 350gram \/ t\u00fai<\/p>\n","protected":false},"featured_media":2144,"comment_status":"open","ping_status":"closed","template":"","meta":[],"_links":{"self":[{"href":"https:\/\/daklakan.com\/en\/wp-json\/wp\/v2\/product\/2150"}],"collection":[{"href":"https:\/\/daklakan.com\/en\/wp-json\/wp\/v2\/product"}],"about":[{"href":"https:\/\/daklakan.com\/en\/wp-json\/wp\/v2\/types\/product"}],"replies":[{"embeddable":true,"href":"https:\/\/daklakan.com\/en\/wp-json\/wp\/v2\/comments?post=2150"}],"wp:featuredmedia":[{"embeddable":true,"href":"https:\/\/daklakan.com\/en\/wp-json\/wp\/v2\/media\/2144"}],"wp:attachment":[{"href":"https:\/\/daklakan.com\/en\/wp-json\/wp\/v2\/media?parent=2150"}],"curies":[{"name":"wp","href":"https:\/\/api.w.org\/{rel}","templated":true}]}}